{"id":55,"date":"2026-01-04T20:46:48","date_gmt":"2026-01-04T19:46:48","guid":{"rendered":"https:\/\/williamstam.com\/?page_id=55"},"modified":"2026-04-19T08:40:08","modified_gmt":"2026-04-19T06:40:08","slug":"about","status":"publish","type":"page","link":"https:\/\/williamstam.com\/en\/about\/","title":{"rendered":"About me"},"content":{"rendered":"<p class=\"has-medium-font-size wp-block-paragraph\">Jag heter William och har b\u00f6rjat skriva den h\u00e4r bloggen mest f\u00f6r min egna del f\u00f6r att dokumentera det jag l\u00e4r mig, bli b\u00e4ttre p\u00e5 att f\u00f6rklara vad jag g\u00f6r, hur det fungerar och f\u00f6r att f\u00e5 andras \u00e5sikter, r\u00e5d och tips!<br><br>Med ett stort intresse inom teknik, tidigare lek med webbutveckling och gaming s\u00e5 har jag nu siktat in mig p\u00e5 Cybers\u00e4kerhet.<br><br>Min dr\u00f6m \u00e4r att f\u00e5 m\u00f6jligheten och f\u00e5 jobba inom Cybers\u00e4kerhet, s\u00e5 n\u00e4r jag inte \u00e4r p\u00e5 mitt nuvarande jobb s\u00e5 pluggar jag tills jag slocknar!<br><br><br><\/p>\n\n\n\t<div class=\"wp-block-jetpack-gif aligncenter\">\n\t\t<figure>\n\t\t\t\t\t\t\t<div class=\"wp-block-jetpack-gif-wrapper\" style=\"padding-top:56%\">\n\t\t\t\t\t<iframe src=\"https:\/\/giphy.com\/embed\/MGaacoiAlAti0\" title=\"hacking\"><\/iframe>\n\t\t\t\t<\/div>\n\t\t\t\t\t\t\t\t<\/figure>\n\t<\/div>","protected":false},"excerpt":{"rendered":"<p>Jag heter William och har b\u00f6rjat skriva den h\u00e4r bloggen mest f\u00f6r min egna del f\u00f6r att dokumentera det jag l\u00e4r mig, bli b\u00e4ttre p\u00e5 att f\u00f6rklara vad jag g\u00f6r, hur det fungerar och f\u00f6r att f\u00e5 andras \u00e5sikter, r\u00e5d och tips! Med ett stort intresse inom teknik, tidigare lek med webbutveckling och gaming s\u00e5 [&hellip;]<\/p>","protected":false},"author":275618030,"featured_media":0,"parent":0,"menu_order":0,"comment_status":"closed","ping_status":"closed","template":"","meta":{"_crdt_document":"{\"document\":\"AAAyxeu2+x6WAaz\/3bcdxeu2+x4KrP\/dtx2F67b7Hqz\/3bcdheu2+x7s\/923HSLF67b7HiC1AQgOjg0SDgQKGJgCBAMCBAMECAIMAggDAA4CBAILAAwDAAQIDAIOAgoUAgYEAhoGDAMAJI4FAQIMAgECCgKMBgKoBBoskgfQEwEASgCmEwECCgECSuQThgxsuAhMDQBMKIoCAgQiqgGgAvwGaLwHWOACkAPmKQQKlAUKHCYQjCQC0AoC6A2WEWJEQuovCgAYABoAGgAifj4cRAQYPgAiJJQw7CmMAwYMBAYKGCwOGhCIARQCjiRbjCdsACyMCMwImAgBBRxMDLwG4AKgAvYoBAqUBQocJhABAJgMlhFiREIBAOAvABgAGgAaAMwBrgEA7gGKAsoCAKAD4AMAli3IIowDBgwEBgoYLA4aEIgBFIokBq0BKAMnAAQAJwAEAIEEhACBAIQBgQCEAIEAhACBAIQBgQCEAIEAhACBAIQAgQCEAYEAhACBAIQAgQCEAIEAhACBAIQAgQCEAYEAhACBAYQAgQGEAIEChAGBAIQAJwAoBCcAKAQnAAcAIQAoAicBBACEAoEBhAAoAicAhwAoAycAKAQnACEBqADBAMQAwQTEBMEAxADBAMQBwQDEAcECxADBA8QAwQAhAKgBxBnBAMSUEowRc3RhdGV2ZXJzaW9uZG9jdW1lbnRkYXRlZG9jdW1lbnRzbHVnZG9jdW1lbnRzdGF0dXNkb2N1bWVudHRpdGxlT20gbWlnZG9jdW1lbnRjb250ZW50PCEtLSB3cDpwYXJhZ3JhcGggeyJmb250U2l6ZSI6Im1lZGl1bSJ9IC0tPgo8cCBjbGFzcz0iaGFzLW1lZGl1bS1mb250LXNpemUiPkphZyBoZXRlciBXaWxsaWFtIG9jaCBoYXIgYsO2cmphdCBza3JpdmEgZGVuIGjDpHIgYmxvZ2dlbiBtZXN0IGbDtnIgbWluIGVnbmEgZGVsIGbDtnIgYXR0IGRva3VtZW50ZXJhIGRldCBqYWcgbMOkciBtaWcsIGJsaSBiw6R0dHJlIHDDpSBhdHQgZsO2cmtsYXJhIHZhZCBqYWcgZ8O2ciwgaHVyIGRldCBmdW5nZXJhciBvY2ggZsO2ciBhdHQgZsOlIGFuZHJhcyDDpXNpa3RlciwgcsOlZCBvY2ggdGlwcyE8YnI+PGJyPk1lZCBldHQgc3RvcnQgaW50cmVzc2UgaW5vbSB0ZWtuaWssIHRpZGlnYXJlIGxlayBtZWQgd2ViYnV0dmVja2xpbmcgb2NoIGdhbWluZyBzw6UgaGFyIGphZyBudSBzaWt0YXQgaW4gbWlnIHDDpSBDeWJlcnPDpGtlcmhldC48YnI+PGJyPk1pbiBkcsO2bSDDpHIgYXR0IGbDpSBtw7ZqbGlnaGV0ZW4gb2NoIGbDpSBqb2JiYSBpbm9tIEN5YmVyc8Oka2VyaGV0LCBzw6UgcnRlIHLDpSBpIG52YXJhbmRlICDDpSBwbHVnZ2EgdHMgYSA8YnI+PGJyPjxicj48L3A+CjwhLS0gL3dwOnBhcmFncmFwaCAtLT4KCjwhLS0gd3A6amV0cGFjay9naWYgeyJnaXBoeVVybCI6Imh0dHBzOi8vZ2lwaHkuY29tL2VtYmVkL01HYWFjb2lBbEF0aTAiLCJzZWFyY2hUZXh0IjoiaGFja2luZyIsInBhZGRpbmdUb3AiOiI1NiUifSAvLS0+ZG9jdW1lbnRleGNlcnB0ZG9jdW1lbnRhdXRob3Jkb2N1bWVudGZlYXR1cmVkX21lZGlhZG9jdW1lbnRjb21tZW50X3N0YXR1c2RvY3VtZW50cGluZ19zdGF0dXNkb2N1bWVudHRlbXBsYXRlZG9jdW1lbnRtZXRhYWR2YW5jZWRfc2VvX2Rlc2NyaXB0aW9uamV0cGFja19zZW9faHRtbF90aXRsZWpldHBhY2tfc2VvX25vaW5kZXhqZXRwYWNrX3Bvc3Rfd2FzX2V2ZXJfcHVibGlzaGVkZm9vdG5vdGVzZG9jdW1lbnRibG9ja3NjbGllbnRJZGlzVmFsaWRvcmlnaW5hbENvbnRlbnRuYW1lYXR0cmlidXRlc2NvbnRlbnRKYWcgaGV0ZXIgV2lsbGlhbSBvY2ggaGFyIGLDtnJqYXQgc2tyaXZhIGRlbiBow6RyIGJsb2dnZW4gbWVzdCBmw7ZyIG1pbiBlZ25hIGRlbCBmw7ZyIGF0dCBkb2t1bWVudGVyYSBkZXQgamFnIGzDpHIgbWlnLCBibGkgYsOkdHRyZSBww6UgYXR0IGbDtnJrbGFyYSB2YWQgamFnIGfDtnIsIGh1ciBkZXQgZnVuZ2VyYXIgb2NoIGbDtnIgYXR0IGbDpSBhbmRyYXMgw6VzaWt0ZXIsIHLDpWQgb2NoIHRpcHMhPGJyPjxicj5NZWQgZXR0IHN0b3J0IGludHJlc3NlIGlub20gdGVrbmlrLCB0aWRpZ2FyZSBsZWsgbWVkIHdlYmJ1dHZlY2tsaW5nIG9jaCBnYW1pbmcgc8OlIGhhciBqYWcgbnUgc2lrdGF0IGluIG1pZyBww6UgQ3liZXJzw6RrZXJoZXQgZsO2ciBhdHQgYmxpID5kcm9wQ2FwZm9udFNpemVUcnBDb250ZW50UmVzdHJpY3Rpb25pbm5lckJsb2Nrc2NsaWVudElkaXNWYWxpZG9yaWdpbmFsQ29udGVudG5hbWVhdHRyaWJ1dGVzYWxpZ25naXBoeVVybHNlYXJjaFRleHRwYWRkaW5nVG9wVHJwQ29udGVudFJlc3RyaWN0aW9uaW5uZXJCbG9ja3NzdGF0ZXNhdmVkQXRzdGF0ZXNhdmVkQnllbiBCbHUuPGJyPjxicj5NaW4gZHLDtm0gw6RyIGF0dCBmw6UgbcO2amxpZ2hldGVuIG9jaCBmw6Ugam9iYmEgaW5vbSBDeWJlcnPDpGtlcmhldCwgc8OlIGJvcnRzZXR0IGZyw6VuIGhlbHRpZHNqb2JiIHPDpSBhbnbDpG5kZXIgamFnIHJlc3RlcmFuZGUgdGltbWFyIHDDpSBhdHQ8YnI+PGJyPjxicmUgVGVhbWVyIHBsdWdnYSB0aWxsIENKQ0Egc29tIGbDtnJzdGEgbcOlbC5pbGxsc3RhdGV2ZXJzaW9udCBoZWx0aWRzam9iYjxicj48YnI+PGJyIHPDpSBib3J0c2V0dDxicj48YnI+PGJydCwgc8OlIGJvcnRzZTxicj48YnI+PGJyZXQsIHPDpSBib3J0czxicj48YnI+PGJybsOkciBqYWcgaW50ZSDDpHIgamFnIGludGUgw6RyIGphZyBpbnRlIMOkciBqYWcgaW50ZSDDpHIgcMOlIG1pbnRlIMOkciBww6UgbWl0dGUgw6RyIHDDpSBtaXR0IG51dmFyYW5kZSBqb2JiIHPDpSBwbHVnYXJlIGpnYXIgamFnIHBsdWdnYXIgamFnIDExMDAldGlsbHMgamFnIHNsb2NrbmFyIWbDpSBqb2JsaSBuw6QgamFnIGluw6QgcG10dHVqb2Jic3JqYWcgamdzb2NrbmFyIQUHCAQIBAgGCAUGCAenBowBQQsFAQIGQQSgAggHCAYIDggOCAtIAQQYFhMfCQgGCAcPBAoHhgMBlAINAQcIFQsIBw8ECgUISgAVCwUHBQcGhQEBAhE1CwcBDRQDAQUHAVcBBwULAQwBDAEMBQgEAgsBDRIRDQUTCQIHAQIBAgEEQQAEQQEHEQEEAAABAAAAAQYABAEAABYBC0IBAQBBAAIAQQAAOUECCQcCBQwCAQJBAAQGBAcCBQYBBAcFCgMCDQMGEkEMFqkDQQ0DAQUHAQaQAQEEAwIBBEEAAkECAwKJAQB9AXcTMjAyNi0wMS0wNFQyMDo0Njo0OHcFYWJvdXR3B3B1Ymxpc2h9ruPshgJ9AHcGY2xvc2VkdwZjbG9zZWR3AHcAdwB5eXcAeHerBTxwIGNsYXNzPSJoYXMtbWVkaXVtLWZvbnQtc2l6ZSI+SmFnIGhldGVyIFdpbGxpYW0gb2NoIGhhciBiw7ZyamF0IHNrcml2YSBkZW4gaMOkciBibG9nZ2VuIG1lc3QgZsO2ciBtaW4gZWduYSBkZWwgZsO2ciBhdHQgZG9rdW1lbnRlcmEgZGV0IGphZyBsw6RyIG1pZywgYmxpIGLDpHR0cmUgcMOlIGF0dCBmw7Zya2xhcmEgdmFkIGphZyBnw7ZyLCBodXIgZGV0IGZ1bmdlcmFyIG9jaCBmw7ZyIGF0dCBmw6UgYW5kcmFzIMOlc2lrdGVyLCByw6VkIG9jaCB0aXBzITxicj48YnI+TWVkIGV0dCBzdG9ydCBpbnRyZXNzZSBpbm9tIHRla25paywgdGlkaWdhcmUgbGVrIG1lZCB3ZWJidXR2ZWNrbGluZyBvY2ggZ2FtaW5nIHPDpSBoYXIgamFnIG51IHNpa3RhdCBpbiBtaWcgcMOlIEN5YmVyc8Oka2VyaGV0IGbDtnIgYXR0IGJsaSBlbiBwZW5ldHJhdGlvbnN0ZXN0YXJlLjxicj48YnI+TWluIGRyw7ZtIMOkciBhdHQgZsOlIG3DtmpsaWdoZXRlbiBvY2ggZsOlIGpvYmJhIGlub20gQ3liZXJzw6RrZXJoZXQsIHPDpSBib3J0c2V0dCBmcsOlbiBoZWx0aWRzam9iYiBzw6UgYW52w6RuZGVyIGphZyByZXN0ZXJhbmRlIHRpbW1hciBww6UgYXR0IHBsdWdnYSBiw6VkZSBOw6R0dmVyayAoVWRlbXkga3Vycykgb2NoIEhhY2sgVGhlIEJveCBmw7ZyIGF0dCB0YSBDV0VTIGNlcnRpZmlrYXRldCE8YnI+PGJyPjxicj48L3A+dw5jb3JlL3BhcmFncmFwaHl3Bm1lZGl1bXYDEHJlc3RyaWN0aW9uX3R5cGV3B2V4Y2x1ZGUSc2VsZWN0ZWRfbGFuZ3VhZ2VzdQAKcGFuZWxfb3Blbnh3JDdlNjUzZjQzLWFiYmYtNDJhZi04MTUzLTZlOTVkOGNkOGQzOHh3AHcLamV0cGFjay9naWZ3BmNlbnRlcnclaHR0cHM6Ly9naXBoeS5jb20vZW1iZWQvTUdhYWNvaUFsQXRpMHcHaGFja2luZ3cDNTYldgMQcmVzdHJpY3Rpb25fdHlwZXcHZXhjbHVkZRJzZWxlY3RlZF9sYW5ndWFnZXN1AApwYW5lbF9vcGVueHckMzI3Zjk5NDYtNTVlMi00ZTAwLWIxOTgtMzM4MzM1NGRhYjNlLQB7QnnaR2ri0AB7Qe1vd\/2AAAACxbXbvQ8cswMiTAECAAEBAQACAAEDAQUBAwIGAQEBBAUFAQACAwcGAQ4BBAEVAhGuAQDLAQCUAYsCEQEBHEXXAQMHAQDs\/+7bDgsAAANEBwQMCwELAQsFCwILHxANBBML\",\"updateId\":37938187}","advanced_seo_description":"","jetpack_seo_html_title":"","jetpack_seo_noindex":false,"footnotes":""},"class_list":["post-55","page","type-page","status-publish","hentry"],"jetpack_likes_enabled":true,"jetpack_sharing_enabled":true,"jetpack_shortlink":"https:\/\/wp.me\/Ph12X9-T","jetpack-related-posts":[],"_links":{"self":[{"href":"https:\/\/williamstam.com\/en\/wp-json\/wp\/v2\/pages\/55","targetHints":{"allow":["GET"]}}],"collection":[{"href":"https:\/\/williamstam.com\/en\/wp-json\/wp\/v2\/pages"}],"about":[{"href":"https:\/\/williamstam.com\/en\/wp-json\/wp\/v2\/types\/page"}],"author":[{"embeddable":true,"href":"https:\/\/williamstam.com\/en\/wp-json\/wp\/v2\/users\/275618030"}],"replies":[{"embeddable":true,"href":"https:\/\/williamstam.com\/en\/wp-json\/wp\/v2\/comments?post=55"}],"version-history":[{"count":13,"href":"https:\/\/williamstam.com\/en\/wp-json\/wp\/v2\/pages\/55\/revisions"}],"predecessor-version":[{"id":372,"href":"https:\/\/williamstam.com\/en\/wp-json\/wp\/v2\/pages\/55\/revisions\/372"}],"wp:attachment":[{"href":"https:\/\/williamstam.com\/en\/wp-json\/wp\/v2\/media?parent=55"}],"curies":[{"name":"wp","href":"https:\/\/api.w.org\/{rel}","templated":true}]}}